{"id":9455,"date":"2023-11-13T13:16:07","date_gmt":"2023-11-13T19:16:07","guid":{"rendered":"https:\/\/findfoodcarvercounty.org\/?page_id=9455"},"modified":"2026-03-11T17:43:47","modified_gmt":"2026-03-11T22:43:47","slug":"calendar-of-events-and-programs","status":"publish","type":"page","link":"https:\/\/findfoodcarvercounty.org\/es\/find-food-now\/calendar-of-events-and-programs\/","title":{"rendered":"Calendario de recursos"},"content":{"rendered":"<div data-elementor-type=\"wp-page\" data-elementor-id=\"9455\" class=\"elementor elementor-9455\" data-elementor-post-type=\"page\">\n\t\t\t\t<div class=\"elementor-element elementor-element-6c4f069 e-flex e-con-boxed e-con e-parent\" data-id=\"6c4f069\" data-element_type=\"container\" data-e-type=\"container\" data-settings=\"{&quot;background_background&quot;:&quot;classic&quot;}\">\n\t\t\t\t\t<div class=\"e-con-inner\">\n\t\t<div class=\"elementor-element elementor-element-4333db0 e-con-full e-flex e-con e-child\" data-id=\"4333db0\" data-element_type=\"container\" data-e-type=\"container\">\n\t\t\t\t<div class=\"elementor-element elementor-element-71bb1db elementor-widget elementor-widget-heading\" data-id=\"71bb1db\" data-element_type=\"widget\" data-e-type=\"widget\" data-widget_type=\"heading.default\">\n\t\t\t\t<div class=\"elementor-widget-container\">\n\t\t\t\t\t<h1 class=\"elementor-heading-title elementor-size-default\">Calendario de recursos <\/h1>\t\t\t\t<\/div>\n\t\t\t\t<\/div>\n\t\t\t\t<div class=\"elementor-element elementor-element-4204c08 elementor-widget elementor-widget-text-editor\" data-id=\"4204c08\" data-element_type=\"widget\" data-e-type=\"widget\" data-widget_type=\"text-editor.default\">\n\t\t\t\t<div class=\"elementor-widget-container\">\n\t\t\t\t\t\t\t\t\t<p>Consulte el horario de los bancos de alimentos locales y otros programas de asistencia alimentaria. Los d\u00edas y horarios est\u00e1n sujetos a cambios. Comun\u00edquese directamente con la organizaci\u00f3n para verificar el horario.\u00a0<\/p>\t\t\t\t\t\t\t\t<\/div>\n\t\t\t\t<\/div>\n\t\t\t\t<\/div>\n\t\t\t\t\t<\/div>\n\t\t\t\t<\/div>\n\t\t<div class=\"elementor-element elementor-element-f014dc2 e-flex e-con-boxed e-con e-parent\" data-id=\"f014dc2\" data-element_type=\"container\" data-e-type=\"container\" data-settings=\"{&quot;background_background&quot;:&quot;classic&quot;}\">\n\t\t\t\t\t<div class=\"e-con-inner\">\n\t\t\t\t<div class=\"elementor-element elementor-element-6869a8f elementor-widget elementor-widget-shortcode\" data-id=\"6869a8f\" data-element_type=\"widget\" data-e-type=\"widget\" data-widget_type=\"shortcode.default\">\n\t\t\t\t<div class=\"elementor-widget-container\">\n\t\t\t\t\t\t\t<div class=\"elementor-shortcode\">\n<table id=\"tablepress-1\" class=\"tablepress tablepress-id-1\">\n<thead>\n<tr class=\"row-1\">\n\t<th class=\"column-1\">Ubicaci\u00f3n \/ Programa<\/th><th class=\"column-2\">Lunes<\/th><th class=\"column-3\">Martes<\/th><th class=\"column-4\">Mi\u00e9rcoles<\/th><th class=\"column-5\">Jueves<\/th><th class=\"column-6\">Viernes<\/th><th class=\"column-7\">S\u00e1bado<\/th>\n<\/tr>\n<\/thead>\n<tbody class=\"row-striping row-hover\">\n<tr class=\"row-2\">\n\t<th class=\"column-1\">Canasta abundante (Chaska)<\/th><td class=\"column-2\">9:00 a. m. a 3:30 p. m.<\/td><td class=\"column-3\">9:00 a. m. a 6:30 p. m.<\/td><td class=\"column-4\">9:00 a. m. a 3:30 p. m.<\/td><td class=\"column-5\">9:00 a. m. a 12:30 p. m.<\/td><td class=\"column-6\">9:00 a. m. a 12:30 p. m.<\/td><td class=\"column-7\">1er y 3er s\u00e1bado de cada mes de 9:00 a. m. a 12:00 p. m.<\/td>\n<\/tr>\n<tr class=\"row-3\">\n\t<th class=\"column-1\">Cesta abundante (Colonia)<\/th><td class=\"column-2\"><\/td><td class=\"column-3\">10:00 a. m. a 2:00 p. m.<\/td><td class=\"column-4\"><\/td><td class=\"column-5\">15:30-18:30<\/td><td class=\"column-6\">10:00 a. m. a 2:00 p. m.<\/td><td class=\"column-7\"><\/td>\n<\/tr>\n<tr class=\"row-4\">\n\t<th class=\"column-1\">Distribuci\u00f3n gratuita de alimentos (NYA) - 310 Elm St W<\/th><td class=\"column-2\"><\/td><td class=\"column-3\"><\/td><td class=\"column-4\">Segundo mi\u00e9rcoles de cada mes de 12:00 p. m. a 1:00 p. m.<\/td><td class=\"column-5\"><\/td><td class=\"column-6\"><\/td><td class=\"column-7\"><\/td>\n<\/tr>\n<tr class=\"row-5\">\n\t<th class=\"column-1\">Distribuci\u00f3n gratuita de alimentos (Chaska) - 2100 Stoughton Ave<\/th><td class=\"column-2\"><\/td><td class=\"column-3\"><\/td><td class=\"column-4\"><\/td><td class=\"column-5\">Tercer jueves de cada mes de 11:30 a. m. a 12:30 p. m.<\/td><td class=\"column-6\"><\/td><td class=\"column-7\"><\/td>\n<\/tr>\n<tr class=\"row-6\">\n\t<th class=\"column-1\">Mercado Libre de Productos<\/th><td class=\"column-2\"><\/td><td class=\"column-3\"><\/td><td class=\"column-4\">Vuelva a consultar las fechas, horarios y ubicaciones de 2026.<\/td><td class=\"column-5\"><\/td><td class=\"column-6\"><\/td><td class=\"column-7\"><\/td>\n<\/tr>\n<tr class=\"row-7\">\n\t<th class=\"column-1\">Recolectar y cultivar (Waconia)<\/th><td class=\"column-2\">9:00 a. m. a 11:45 a. m.<\/td><td class=\"column-3\">16:00-18:45<\/td><td class=\"column-4\"><\/td><td class=\"column-5\">16:00-18:45<\/td><td class=\"column-6\"><\/td><td class=\"column-7\">9:00 a. m. a 11:45 a. m.<\/td>\n<\/tr>\n<tr class=\"row-8\">\n\t<th class=\"column-1\">Reunirse y crecer (Watertown)<\/th><td class=\"column-2\">16:00-19:00 horas<\/td><td class=\"column-3\">9:00 a. m. a 12:00 p. m.<\/td><td class=\"column-4\"><\/td><td class=\"column-5\"><\/td><td class=\"column-6\">9:00 a. m. a 12:00 p. m.<\/td><td class=\"column-7\"><\/td>\n<\/tr>\n<tr class=\"row-9\">\n\t<th class=\"column-1\">Banco de alimentos del suroeste del condado de Carver (NYA)<\/th><td class=\"column-2\"><\/td><td class=\"column-3\">12:30 p. m. a 5:00 p. m.<\/td><td class=\"column-4\"><\/td><td class=\"column-5\"><\/td><td class=\"column-6\"><\/td><td class=\"column-7\"><\/td>\n<\/tr>\n<tr class=\"row-10\">\n\t<th class=\"column-1\">Comidas comunitarias gratuitas<\/th><td class=\"column-2\">Iglesia Luterana de San Juan (Chaska) \u2013 17:15-18:15<\/td><td class=\"column-3\"><\/td><td class=\"column-4\"><\/td><td class=\"column-5\">Iglesia Luterana de San Pablo (Watertown) 1.er jueves de cada mes. El servicio comienza a las 17:30 h. Comidas para llevar disponibles a las 18:00 h.<\/td><td class=\"column-6\"><\/td><td class=\"column-7\">Iglesia Morava de Chaska \u2013 Segundo s\u00e1bado de cada mes, de 11:30 a. m. a 12:30 p. m.<\/td>\n<\/tr>\n<\/tbody>\n<\/table>\n<!-- #tablepress-1 from cache --><\/div>\n\t\t\t\t\t\t<\/div>\n\t\t\t\t<\/div>\n\t\t\t\t\t<\/div>\n\t\t\t\t<\/div>\n\t\t\t\t<\/div>","protected":false},"excerpt":{"rendered":"<p>Resource Calendar Find the hours of local food shelves and other food assistance programs. Days\/times are subject to change. Contact the organization directly to verify hours of operation.\u00a0<\/p>","protected":false},"author":2,"featured_media":0,"parent":5923,"menu_order":0,"comment_status":"closed","ping_status":"closed","template":"","meta":{"_monsterinsights_skip_tracking":false,"_monsterinsights_sitenote_active":false,"_monsterinsights_sitenote_note":"","_monsterinsights_sitenote_category":0,"site-sidebar-layout":"no-sidebar","site-content-layout":"page-builder","ast-site-content-layout":"full-width-container","site-content-style":"default","site-sidebar-style":"default","ast-global-header-display":"","ast-banner-title-visibility":"","ast-main-header-display":"","ast-hfb-above-header-display":"","ast-hfb-below-header-display":"","ast-hfb-mobile-header-display":"","site-post-title":"disabled","ast-breadcrumbs-content":"","ast-featured-img":"disabled","footer-sml-layout":"","ast-disable-related-posts":"","theme-transparent-header-meta":"","adv-header-id-meta":"","stick-header-meta":"","header-above-stick-meta":"","header-main-stick-meta":"","header-below-stick-meta":"","astra-migrate-meta-layouts":"set","ast-page-background-enabled":"default","ast-page-background-meta":{"desktop":{"background-color":"","background-image":"","background-repeat":"repeat","background-position":"center center","background-size":"auto","background-attachment":"scroll","background-type":"","background-media":"","overlay-type":"","overlay-color":"","overlay-opacity":"","overlay-gradient":""},"tablet":{"background-color":"","background-image":"","background-repeat":"repeat","background-position":"center center","background-size":"auto","background-attachment":"scroll","background-type":"","background-media":"","overlay-type":"","overlay-color":"","overlay-opacity":"","overlay-gradient":""},"mobile":{"background-color":"","background-image":"","background-repeat":"repeat","background-position":"center center","background-size":"auto","background-attachment":"scroll","background-type":"","background-media":"","overlay-type":"","overlay-color":"","overlay-opacity":"","overlay-gradient":""}},"ast-content-background-meta":{"desktop":{"background-color":"var(--ast-global-color-5)","background-image":"","background-repeat":"repeat","background-position":"center center","background-size":"auto","background-attachment":"scroll","background-type":"","background-media":"","overlay-type":"","overlay-color":"","overlay-opacity":"","overlay-gradient":""},"tablet":{"background-color":"var(--ast-global-color-5)","background-image":"","background-repeat":"repeat","background-position":"center center","background-size":"auto","background-attachment":"scroll","background-type":"","background-media":"","overlay-type":"","overlay-color":"","overlay-opacity":"","overlay-gradient":""},"mobile":{"background-color":"var(--ast-global-color-5)","background-image":"","background-repeat":"repeat","background-position":"center center","background-size":"auto","background-attachment":"scroll","background-type":"","background-media":"","overlay-type":"","overlay-color":"","overlay-opacity":"","overlay-gradient":""}},"footnotes":""},"class_list":["post-9455","page","type-page","status-publish","hentry"],"yoast_head":"<!-- This site is optimized with the Yoast SEO plugin v27.4 - https:\/\/yoast.com\/product\/yoast-seo-wordpress\/ -->\n<title>Resource Calendar - Find Food Carver County<\/title>\n<meta name=\"robots\" content=\"index, follow, max-snippet:-1, max-image-preview:large, max-video-preview:-1\" \/>\n<link rel=\"canonical\" href=\"https:\/\/findfoodcarvercounty.org\/es\/find-food-now\/calendar-of-events-and-programs\/\" \/>\n<meta property=\"og:locale\" content=\"es_MX\" \/>\n<meta property=\"og:type\" content=\"article\" \/>\n<meta property=\"og:title\" content=\"Resource Calendar - Find Food Carver County\" \/>\n<meta property=\"og:description\" content=\"Resource Calendar Find the hours of local food shelves and other food assistance programs. Days\/times are subject to change. Contact the organization directly to verify hours of operation.\u00a0\" \/>\n<meta property=\"og:url\" content=\"https:\/\/findfoodcarvercounty.org\/es\/find-food-now\/calendar-of-events-and-programs\/\" \/>\n<meta property=\"og:site_name\" content=\"Find Food Carver County\" \/>\n<meta property=\"article:publisher\" content=\"https:\/\/www.facebook.com\/findfoodcarvercounty\" \/>\n<meta property=\"article:modified_time\" content=\"2026-03-11T22:43:47+00:00\" \/>\n<meta name=\"twitter:card\" content=\"summary_large_image\" \/>\n<meta name=\"twitter:label1\" content=\"Tiempo de lectura\" \/>\n\t<meta name=\"twitter:data1\" content=\"1 minuto\" \/>\n<script type=\"application\/ld+json\" class=\"yoast-schema-graph\">{\"@context\":\"https:\\\/\\\/schema.org\",\"@graph\":[{\"@type\":\"WebPage\",\"@id\":\"https:\\\/\\\/findfoodcarvercounty.org\\\/find-food-now\\\/calendar-of-events-and-programs\\\/\",\"url\":\"https:\\\/\\\/findfoodcarvercounty.org\\\/find-food-now\\\/calendar-of-events-and-programs\\\/\",\"name\":\"Resource Calendar - Find Food Carver County\",\"isPartOf\":{\"@id\":\"https:\\\/\\\/findfoodcarvercounty.org\\\/#website\"},\"datePublished\":\"2023-11-13T19:16:07+00:00\",\"dateModified\":\"2026-03-11T22:43:47+00:00\",\"breadcrumb\":{\"@id\":\"https:\\\/\\\/findfoodcarvercounty.org\\\/find-food-now\\\/calendar-of-events-and-programs\\\/#breadcrumb\"},\"inLanguage\":\"es\",\"potentialAction\":[{\"@type\":\"ReadAction\",\"target\":[\"https:\\\/\\\/findfoodcarvercounty.org\\\/find-food-now\\\/calendar-of-events-and-programs\\\/\"]}]},{\"@type\":\"BreadcrumbList\",\"@id\":\"https:\\\/\\\/findfoodcarvercounty.org\\\/find-food-now\\\/calendar-of-events-and-programs\\\/#breadcrumb\",\"itemListElement\":[{\"@type\":\"ListItem\",\"position\":1,\"name\":\"Home\",\"item\":\"https:\\\/\\\/findfoodcarvercounty.org\\\/\"},{\"@type\":\"ListItem\",\"position\":2,\"name\":\"Find Food\",\"item\":\"https:\\\/\\\/findfoodcarvercounty.org\\\/find-food-now\\\/\"},{\"@type\":\"ListItem\",\"position\":3,\"name\":\"Resource Calendar\"}]},{\"@type\":\"WebSite\",\"@id\":\"https:\\\/\\\/findfoodcarvercounty.org\\\/#website\",\"url\":\"https:\\\/\\\/findfoodcarvercounty.org\\\/\",\"name\":\"Find Food Carver County\",\"description\":\"\",\"publisher\":{\"@id\":\"https:\\\/\\\/findfoodcarvercounty.org\\\/#organization\"},\"potentialAction\":[{\"@type\":\"SearchAction\",\"target\":{\"@type\":\"EntryPoint\",\"urlTemplate\":\"https:\\\/\\\/findfoodcarvercounty.org\\\/?s={search_term_string}\"},\"query-input\":{\"@type\":\"PropertyValueSpecification\",\"valueRequired\":true,\"valueName\":\"search_term_string\"}}],\"inLanguage\":\"es\"},{\"@type\":\"Organization\",\"@id\":\"https:\\\/\\\/findfoodcarvercounty.org\\\/#organization\",\"name\":\"Find Food Carver County\",\"url\":\"https:\\\/\\\/findfoodcarvercounty.org\\\/\",\"logo\":{\"@type\":\"ImageObject\",\"inLanguage\":\"es\",\"@id\":\"https:\\\/\\\/findfoodcarvercounty.org\\\/#\\\/schema\\\/logo\\\/image\\\/\",\"url\":\"https:\\\/\\\/findfoodcarvercounty.org\\\/wp-content\\\/uploads\\\/2022\\\/05\\\/ffcc-blue-rgb.png\",\"contentUrl\":\"https:\\\/\\\/findfoodcarvercounty.org\\\/wp-content\\\/uploads\\\/2022\\\/05\\\/ffcc-blue-rgb.png\",\"width\":1560,\"height\":1032,\"caption\":\"Find Food Carver County\"},\"image\":{\"@id\":\"https:\\\/\\\/findfoodcarvercounty.org\\\/#\\\/schema\\\/logo\\\/image\\\/\"},\"sameAs\":[\"https:\\\/\\\/www.facebook.com\\\/findfoodcarvercounty\",\"https:\\\/\\\/www.instagram.com\\\/findfoodcarvercounty\\\/\"]}]}<\/script>\n<!-- \/ Yoast SEO plugin. -->","yoast_head_json":{"title":"Calendario de recursos - Encuentre alimentos en el condado de Carver","robots":{"index":"index","follow":"follow","max-snippet":"max-snippet:-1","max-image-preview":"max-image-preview:large","max-video-preview":"max-video-preview:-1"},"canonical":"https:\/\/findfoodcarvercounty.org\/es\/find-food-now\/calendar-of-events-and-programs\/","og_locale":"es_MX","og_type":"article","og_title":"Resource Calendar - Find Food Carver County","og_description":"Resource Calendar Find the hours of local food shelves and other food assistance programs. Days\/times are subject to change. Contact the organization directly to verify hours of operation.\u00a0","og_url":"https:\/\/findfoodcarvercounty.org\/es\/find-food-now\/calendar-of-events-and-programs\/","og_site_name":"Find Food Carver County","article_publisher":"https:\/\/www.facebook.com\/findfoodcarvercounty","article_modified_time":"2026-03-11T22:43:47+00:00","twitter_card":"summary_large_image","twitter_misc":{"Tiempo de lectura":"1 minuto"},"schema":{"@context":"https:\/\/schema.org","@graph":[{"@type":"WebPage","@id":"https:\/\/findfoodcarvercounty.org\/find-food-now\/calendar-of-events-and-programs\/","url":"https:\/\/findfoodcarvercounty.org\/find-food-now\/calendar-of-events-and-programs\/","name":"Calendario de recursos - Encuentre alimentos en el condado de Carver","isPartOf":{"@id":"https:\/\/findfoodcarvercounty.org\/#website"},"datePublished":"2023-11-13T19:16:07+00:00","dateModified":"2026-03-11T22:43:47+00:00","breadcrumb":{"@id":"https:\/\/findfoodcarvercounty.org\/find-food-now\/calendar-of-events-and-programs\/#breadcrumb"},"inLanguage":"es","potentialAction":[{"@type":"ReadAction","target":["https:\/\/findfoodcarvercounty.org\/find-food-now\/calendar-of-events-and-programs\/"]}]},{"@type":"BreadcrumbList","@id":"https:\/\/findfoodcarvercounty.org\/find-food-now\/calendar-of-events-and-programs\/#breadcrumb","itemListElement":[{"@type":"ListItem","position":1,"name":"Home","item":"https:\/\/findfoodcarvercounty.org\/"},{"@type":"ListItem","position":2,"name":"Find Food","item":"https:\/\/findfoodcarvercounty.org\/find-food-now\/"},{"@type":"ListItem","position":3,"name":"Resource Calendar"}]},{"@type":"WebSite","@id":"https:\/\/findfoodcarvercounty.org\/#website","url":"https:\/\/findfoodcarvercounty.org\/","name":"Encuentra comida en el condado de Carver","description":"","publisher":{"@id":"https:\/\/findfoodcarvercounty.org\/#organization"},"potentialAction":[{"@type":"SearchAction","target":{"@type":"EntryPoint","urlTemplate":"https:\/\/findfoodcarvercounty.org\/?s={search_term_string}"},"query-input":{"@type":"PropertyValueSpecification","valueRequired":true,"valueName":"search_term_string"}}],"inLanguage":"es"},{"@type":"Organization","@id":"https:\/\/findfoodcarvercounty.org\/#organization","name":"Encuentra comida en el condado de Carver","url":"https:\/\/findfoodcarvercounty.org\/","logo":{"@type":"ImageObject","inLanguage":"es","@id":"https:\/\/findfoodcarvercounty.org\/#\/schema\/logo\/image\/","url":"https:\/\/findfoodcarvercounty.org\/wp-content\/uploads\/2022\/05\/ffcc-blue-rgb.png","contentUrl":"https:\/\/findfoodcarvercounty.org\/wp-content\/uploads\/2022\/05\/ffcc-blue-rgb.png","width":1560,"height":1032,"caption":"Find Food Carver County"},"image":{"@id":"https:\/\/findfoodcarvercounty.org\/#\/schema\/logo\/image\/"},"sameAs":["https:\/\/www.facebook.com\/findfoodcarvercounty","https:\/\/www.instagram.com\/findfoodcarvercounty\/"]}]}},"_links":{"self":[{"href":"https:\/\/findfoodcarvercounty.org\/es\/wp-json\/wp\/v2\/pages\/9455","targetHints":{"allow":["GET"]}}],"collection":[{"href":"https:\/\/findfoodcarvercounty.org\/es\/wp-json\/wp\/v2\/pages"}],"about":[{"href":"https:\/\/findfoodcarvercounty.org\/es\/wp-json\/wp\/v2\/types\/page"}],"author":[{"embeddable":true,"href":"https:\/\/findfoodcarvercounty.org\/es\/wp-json\/wp\/v2\/users\/2"}],"replies":[{"embeddable":true,"href":"https:\/\/findfoodcarvercounty.org\/es\/wp-json\/wp\/v2\/comments?post=9455"}],"version-history":[{"count":55,"href":"https:\/\/findfoodcarvercounty.org\/es\/wp-json\/wp\/v2\/pages\/9455\/revisions"}],"predecessor-version":[{"id":11065,"href":"https:\/\/findfoodcarvercounty.org\/es\/wp-json\/wp\/v2\/pages\/9455\/revisions\/11065"}],"up":[{"embeddable":true,"href":"https:\/\/findfoodcarvercounty.org\/es\/wp-json\/wp\/v2\/pages\/5923"}],"wp:attachment":[{"href":"https:\/\/findfoodcarvercounty.org\/es\/wp-json\/wp\/v2\/media?parent=9455"}],"curies":[{"name":"wp","href":"https:\/\/api.w.org\/{rel}","templated":true}]}}