{"id":9156,"date":"2023-03-21T07:53:29","date_gmt":"2023-03-21T12:53:29","guid":{"rendered":"https:\/\/findfoodcarvercounty.org\/?page_id=9156"},"modified":"2026-03-06T15:35:46","modified_gmt":"2026-03-06T21:35:46","slug":"in-the-news","status":"publish","type":"page","link":"https:\/\/findfoodcarvercounty.org\/es\/about\/in-the-news\/","title":{"rendered":"En las noticias"},"content":{"rendered":"<div data-elementor-type=\"wp-page\" data-elementor-id=\"9156\" class=\"elementor elementor-9156\" data-elementor-post-type=\"page\">\n\t\t\t\t<div class=\"elementor-element elementor-element-2ff6f5a6 e-flex e-con-boxed e-con e-parent\" data-id=\"2ff6f5a6\" data-element_type=\"container\" data-e-type=\"container\" data-settings=\"{&quot;background_background&quot;:&quot;classic&quot;}\">\n\t\t\t\t\t<div class=\"e-con-inner\">\n\t\t<div class=\"elementor-element elementor-element-2cb47abf e-con-full e-flex e-con e-child\" data-id=\"2cb47abf\" data-element_type=\"container\" data-e-type=\"container\">\n\t\t\t\t<div class=\"elementor-element elementor-element-a8b8909 elementor-widget elementor-widget-heading\" data-id=\"a8b8909\" data-element_type=\"widget\" data-e-type=\"widget\" data-widget_type=\"heading.default\">\n\t\t\t\t<div class=\"elementor-widget-container\">\n\t\t\t\t\t<h1 class=\"elementor-heading-title elementor-size-default\">En las noticias<\/h1>\t\t\t\t<\/div>\n\t\t\t\t<\/div>\n\t\t\t\t<div class=\"elementor-element elementor-element-e6b19d1 elementor-widget elementor-widget-text-editor\" data-id=\"e6b19d1\" data-element_type=\"widget\" data-e-type=\"widget\" data-widget_type=\"text-editor.default\">\n\t\t\t\t<div class=\"elementor-widget-container\">\n\t\t\t\t\t\t\t\t\t<p>Noticias de todo el condado de Carver.<\/p>\t\t\t\t\t\t\t\t<\/div>\n\t\t\t\t<\/div>\n\t\t\t\t<\/div>\n\t\t\t\t\t<\/div>\n\t\t\t\t<\/div>\n\t\t<div class=\"elementor-element elementor-element-2110e99 e-flex e-con-boxed e-con e-parent\" data-id=\"2110e99\" data-element_type=\"container\" data-e-type=\"container\">\n\t\t\t\t\t<div class=\"e-con-inner\">\n\t\t<div class=\"elementor-element elementor-element-053c9f4 e-con-full e-flex e-con e-child\" data-id=\"053c9f4\" data-element_type=\"container\" data-e-type=\"container\">\n\t\t\t\t<div class=\"elementor-element elementor-element-900bd6d elementor-widget elementor-widget-heading\" data-id=\"900bd6d\" data-element_type=\"widget\" data-e-type=\"widget\" data-widget_type=\"heading.default\">\n\t\t\t\t<div class=\"elementor-widget-container\">\n\t\t\t\t\t<h2 class=\"elementor-heading-title elementor-size-default\">Organizaciones colaboran para reducir el hambre<\/h2>\t\t\t\t<\/div>\n\t\t\t\t<\/div>\n\t\t\t\t<div class=\"elementor-element elementor-element-98a41c3 elementor-widget elementor-widget-heading\" data-id=\"98a41c3\" data-element_type=\"widget\" data-e-type=\"widget\" data-widget_type=\"heading.default\">\n\t\t\t\t<div class=\"elementor-widget-container\">\n\t\t\t\t\t<h3 class=\"elementor-heading-title elementor-size-default\">6 de febrero de 2025, Noticias locales del condado de Carver\u00a0<\/h3>\t\t\t\t<\/div>\n\t\t\t\t<\/div>\n\t\t\t\t<div class=\"elementor-element elementor-element-1da4773 elementor-widget elementor-widget-text-editor\" data-id=\"1da4773\" data-element_type=\"widget\" data-e-type=\"widget\" data-widget_type=\"text-editor.default\">\n\t\t\t\t<div class=\"elementor-widget-container\">\n\t\t\t\t\t\t\t\t\t<p>Los l\u00edderes comunitarios de varias organizaciones asistieron a la Cumbre Make Hunger History de Second Harvest Heartland en enero. <a href=\"https:\/\/cclocalnews.org\/2025\/02\/06\/organizations-collaborate-to-reduce-hunger\/\" target=\"_blank\" rel=\"noopener\">Lea el art\u00edculo completo aqu\u00ed<\/a>.<\/p>\t\t\t\t\t\t\t\t<\/div>\n\t\t\t\t<\/div>\n\t\t\t\t<div class=\"elementor-element elementor-element-50d42d8 elementor-widget elementor-widget-button\" data-id=\"50d42d8\" data-element_type=\"widget\" data-e-type=\"widget\" data-widget_type=\"button.default\">\n\t\t\t\t<div class=\"elementor-widget-container\">\n\t\t\t\t\t\t\t\t\t<div class=\"elementor-button-wrapper\">\n\t\t\t\t\t<a class=\"elementor-button elementor-button-link elementor-size-sm\" href=\"https:\/\/cclocalnews.org\/2025\/02\/06\/organizations-collaborate-to-reduce-hunger\/\" target=\"_blank\">\n\t\t\t\t\t\t<span class=\"elementor-button-content-wrapper\">\n\t\t\t\t\t\t\t\t\t<span class=\"elementor-button-text\">LEA EL ART\u00cdCULO<\/span>\n\t\t\t\t\t<\/span>\n\t\t\t\t\t<\/a>\n\t\t\t\t<\/div>\n\t\t\t\t\t\t\t\t<\/div>\n\t\t\t\t<\/div>\n\t\t\t\t<\/div>\n\t\t\t\t\t<\/div>\n\t\t\t\t<\/div>\n\t\t<div class=\"elementor-element elementor-element-70927de e-flex e-con-boxed e-con e-parent\" data-id=\"70927de\" data-element_type=\"container\" data-e-type=\"container\">\n\t\t\t\t\t<div class=\"e-con-inner\">\n\t\t<div class=\"elementor-element elementor-element-01b45d2 e-con-full e-flex e-con e-child\" data-id=\"01b45d2\" data-element_type=\"container\" data-e-type=\"container\">\n\t\t\t\t<div class=\"elementor-element elementor-element-ad0213c elementor-widget elementor-widget-heading\" data-id=\"ad0213c\" data-element_type=\"widget\" data-e-type=\"widget\" data-widget_type=\"heading.default\">\n\t\t\t\t<div class=\"elementor-widget-container\">\n\t\t\t\t\t<h2 class=\"elementor-heading-title elementor-size-default\">El hambre en el punto de mira durante el Mes de FoodShare<\/h2>\t\t\t\t<\/div>\n\t\t\t\t<\/div>\n\t\t\t\t<div class=\"elementor-element elementor-element-024b08a elementor-widget elementor-widget-heading\" data-id=\"024b08a\" data-element_type=\"widget\" data-e-type=\"widget\" data-widget_type=\"heading.default\">\n\t\t\t\t<div class=\"elementor-widget-container\">\n\t\t\t\t\t<h3 class=\"elementor-heading-title elementor-size-default\">10 de marzo de 2023, Patriota del Sol\u00a0<\/h3>\t\t\t\t<\/div>\n\t\t\t\t<\/div>\n\t\t\t\t<div class=\"elementor-element elementor-element-d0468b0 elementor-widget elementor-widget-text-editor\" data-id=\"d0468b0\" data-element_type=\"widget\" data-e-type=\"widget\" data-widget_type=\"text-editor.default\">\n\t\t\t\t<div class=\"elementor-widget-container\">\n\t\t\t\t\t\t\t\t\t<p>La campa\u00f1a de marzo, Mes de la Alimentaci\u00f3n Compartida de Minnesota, destaca la inseguridad alimentaria y fomenta las donaciones. La Colaboraci\u00f3n para el Alivio del Hambre del Condado de Carver, formada en 2021, re\u00fane a numerosos socios locales para fortalecer la lucha contra el hambre mediante recursos y programas compartidos, como comidas de verano para ni\u00f1os y apoyo alimentario coordinado para las fiestas. <a href=\"https:\/\/www.hometownsource.com\/sun_patriot\/community\/hunger-in-spotlight-during-foodshare-month\/article_e2eeb338-bf3e-11ed-b1da-03abfce50def.html\" target=\"_blank\" rel=\"noopener\">Lea el art\u00edculo aqu\u00ed<\/a>.<\/p>\t\t\t\t\t\t\t\t<\/div>\n\t\t\t\t<\/div>\n\t\t\t\t<div class=\"elementor-element elementor-element-23f1611 elementor-widget elementor-widget-button\" data-id=\"23f1611\" data-element_type=\"widget\" data-e-type=\"widget\" data-widget_type=\"button.default\">\n\t\t\t\t<div class=\"elementor-widget-container\">\n\t\t\t\t\t\t\t\t\t<div class=\"elementor-button-wrapper\">\n\t\t\t\t\t<a class=\"elementor-button elementor-button-link elementor-size-sm\" href=\"https:\/\/www.hometownsource.com\/sun_patriot\/community\/hunger-in-spotlight-during-foodshare-month\/article_e2eeb338-bf3e-11ed-b1da-03abfce50def.html\" target=\"_blank\">\n\t\t\t\t\t\t<span class=\"elementor-button-content-wrapper\">\n\t\t\t\t\t\t\t\t\t<span class=\"elementor-button-text\">LEA EL ART\u00cdCULO<\/span>\n\t\t\t\t\t<\/span>\n\t\t\t\t\t<\/a>\n\t\t\t\t<\/div>\n\t\t\t\t\t\t\t\t<\/div>\n\t\t\t\t<\/div>\n\t\t\t\t<\/div>\n\t\t\t\t\t<\/div>\n\t\t\t\t<\/div>\n\t\t<div class=\"elementor-element elementor-element-59d6b16 e-flex e-con-boxed e-con e-parent\" data-id=\"59d6b16\" data-element_type=\"container\" data-e-type=\"container\">\n\t\t\t\t\t<div class=\"e-con-inner\">\n\t\t<div class=\"elementor-element elementor-element-2459cb2 e-con-full e-flex e-con e-child\" data-id=\"2459cb2\" data-element_type=\"container\" data-e-type=\"container\">\n\t\t\t\t<div class=\"elementor-element elementor-element-c43c45a elementor-widget elementor-widget-heading\" data-id=\"c43c45a\" data-element_type=\"widget\" data-e-type=\"widget\" data-widget_type=\"heading.default\">\n\t\t\t\t<div class=\"elementor-widget-container\">\n\t\t\t\t\t<h2 class=\"elementor-heading-title elementor-size-default\">Find Food El condado de Carver tiene como objetivo disminuir la inseguridad alimentaria<\/h2>\t\t\t\t<\/div>\n\t\t\t\t<\/div>\n\t\t\t\t<div class=\"elementor-element elementor-element-d940f6a elementor-widget elementor-widget-heading\" data-id=\"d940f6a\" data-element_type=\"widget\" data-e-type=\"widget\" data-widget_type=\"heading.default\">\n\t\t\t\t<div class=\"elementor-widget-container\">\n\t\t\t\t\t<h3 class=\"elementor-heading-title elementor-size-default\">15 de septiembre de 2022, SW Medios de comunicaci\u00f3n\u00a0<\/h3>\t\t\t\t<\/div>\n\t\t\t\t<\/div>\n\t\t\t\t<\/div>\n\t\t\t\t\t<\/div>\n\t\t\t\t<\/div>\n\t\t<div class=\"elementor-element elementor-element-766f374 e-flex e-con-boxed e-con e-parent\" data-id=\"766f374\" data-element_type=\"container\" data-e-type=\"container\">\n\t\t\t\t\t<div class=\"e-con-inner\">\n\t\t<div class=\"elementor-element elementor-element-ccbae3b e-con-full e-flex e-con e-child\" data-id=\"ccbae3b\" data-element_type=\"container\" data-e-type=\"container\">\n\t\t\t\t<div class=\"elementor-element elementor-element-ac7db95 elementor-widget elementor-widget-heading\" data-id=\"ac7db95\" data-element_type=\"widget\" data-e-type=\"widget\" data-widget_type=\"heading.default\">\n\t\t\t\t<div class=\"elementor-widget-container\">\n\t\t\t\t\t<h2 class=\"elementor-heading-title elementor-size-default\">Un nuevo grupo ayuda a los residentes necesitados a encontrar comida en el condado de Carver\u00a0<\/h2>\t\t\t\t<\/div>\n\t\t\t\t<\/div>\n\t\t\t\t<div class=\"elementor-element elementor-element-ae078ba elementor-widget elementor-widget-heading\" data-id=\"ae078ba\" data-element_type=\"widget\" data-e-type=\"widget\" data-widget_type=\"heading.default\">\n\t\t\t\t<div class=\"elementor-widget-container\">\n\t\t\t\t\t<h3 class=\"elementor-heading-title elementor-size-default\">23 de agosto de 2022, Patriota del Sol\u00a0\u00a0<\/h3>\t\t\t\t<\/div>\n\t\t\t\t<\/div>\n\t\t\t\t<div class=\"elementor-element elementor-element-a6747d2 elementor-widget elementor-widget-text-editor\" data-id=\"a6747d2\" data-element_type=\"widget\" data-e-type=\"widget\" data-widget_type=\"text-editor.default\">\n\t\t\t\t<div class=\"elementor-widget-container\">\n\t\t\t\t\t\t\t\t\t<p>Lea el art\u00edculo completo, incluida informaci\u00f3n sobre el sitio web Find Food Carver County, <a href=\"https:\/\/www.hometownsource.com\/sun_patriot\/community\/new-group-helps-residents-in-need-find-food-in-carver-county\/article_7b698b96-22dd-11ed-ad73-6b4a481d1f28.html\" target=\"_blank\" rel=\"noopener\">Lea el art\u00edculo completo aqu\u00ed<\/a>.<\/p>\t\t\t\t\t\t\t\t<\/div>\n\t\t\t\t<\/div>\n\t\t\t\t<div class=\"elementor-element elementor-element-e828ffa elementor-widget elementor-widget-button\" data-id=\"e828ffa\" data-element_type=\"widget\" data-e-type=\"widget\" data-widget_type=\"button.default\">\n\t\t\t\t<div class=\"elementor-widget-container\">\n\t\t\t\t\t\t\t\t\t<div class=\"elementor-button-wrapper\">\n\t\t\t\t\t<a class=\"elementor-button elementor-button-link elementor-size-sm\" href=\"https:\/\/www.hometownsource.com\/sun_patriot\/community\/new-group-helps-residents-in-need-find-food-in-carver-county\/article_7b698b96-22dd-11ed-ad73-6b4a481d1f28.html\" target=\"_blank\">\n\t\t\t\t\t\t<span class=\"elementor-button-content-wrapper\">\n\t\t\t\t\t\t\t\t\t<span class=\"elementor-button-text\">LEA EL ART\u00cdCULO<\/span>\n\t\t\t\t\t<\/span>\n\t\t\t\t\t<\/a>\n\t\t\t\t<\/div>\n\t\t\t\t\t\t\t\t<\/div>\n\t\t\t\t<\/div>\n\t\t\t\t<\/div>\n\t\t\t\t\t<\/div>\n\t\t\t\t<\/div>\n\t\t\t\t<\/div>","protected":false},"excerpt":{"rendered":"<p>In the News News from around Carver County. Organizations Collaborate to Reduce Hunger February 6, 2025, Carver County Local News\u00a0 Community leaders from several organizations attended Second Harvest Heartland&#8217;s Make Hunger History Summit in January. Read the full article here. READ THE ARTICLE Hunger in the spotlight during FoodShare Month March 10, 2023, Sun Patriot\u00a0 [&hellip;]<\/p>\n","protected":false},"author":2,"featured_media":0,"parent":96,"menu_order":1,"comment_status":"closed","ping_status":"closed","template":"","meta":{"_monsterinsights_skip_tracking":false,"_monsterinsights_sitenote_active":false,"_monsterinsights_sitenote_note":"","_monsterinsights_sitenote_category":0,"site-sidebar-layout":"no-sidebar","site-content-layout":"page-builder","ast-site-content-layout":"default","site-content-style":"default","site-sidebar-style":"default","ast-global-header-display":"","ast-banner-title-visibility":"","ast-main-header-display":"","ast-hfb-above-header-display":"","ast-hfb-below-header-display":"","ast-hfb-mobile-header-display":"","site-post-title":"disabled","ast-breadcrumbs-content":"","ast-featured-img":"disabled","footer-sml-layout":"","ast-disable-related-posts":"","theme-transparent-header-meta":"","adv-header-id-meta":"","stick-header-meta":"","header-above-stick-meta":"","header-main-stick-meta":"","header-below-stick-meta":"","astra-migrate-meta-layouts":"default","ast-page-background-enabled":"default","ast-page-background-meta":{"desktop":{"background-color":"","background-image":"","background-repeat":"repeat","background-position":"center center","background-size":"auto","background-attachment":"scroll","background-type":"","background-media":"","overlay-type":"","overlay-color":"","overlay-opacity":"","overlay-gradient":""},"tablet":{"background-color":"","background-image":"","background-repeat":"repeat","background-position":"center center","background-size":"auto","background-attachment":"scroll","background-type":"","background-media":"","overlay-type":"","overlay-color":"","overlay-opacity":"","overlay-gradient":""},"mobile":{"background-color":"","background-image":"","background-repeat":"repeat","background-position":"center center","background-size":"auto","background-attachment":"scroll","background-type":"","background-media":"","overlay-type":"","overlay-color":"","overlay-opacity":"","overlay-gradient":""}},"ast-content-background-meta":{"desktop":{"background-color":"var(--ast-global-color-5)","background-image":"","background-repeat":"repeat","background-position":"center center","background-size":"auto","background-attachment":"scroll","background-type":"","background-media":"","overlay-type":"","overlay-color":"","overlay-opacity":"","overlay-gradient":""},"tablet":{"background-color":"var(--ast-global-color-5)","background-image":"","background-repeat":"repeat","background-position":"center center","background-size":"auto","background-attachment":"scroll","background-type":"","background-media":"","overlay-type":"","overlay-color":"","overlay-opacity":"","overlay-gradient":""},"mobile":{"background-color":"var(--ast-global-color-5)","background-image":"","background-repeat":"repeat","background-position":"center center","background-size":"auto","background-attachment":"scroll","background-type":"","background-media":"","overlay-type":"","overlay-color":"","overlay-opacity":"","overlay-gradient":""}},"footnotes":""},"class_list":["post-9156","page","type-page","status-publish","hentry"],"yoast_head":"<!-- This site is optimized with the Yoast SEO plugin v27.1.1 - https:\/\/yoast.com\/product\/yoast-seo-wordpress\/ -->\n<title>In The News - Find Food Carver County<\/title>\n<meta name=\"robots\" content=\"index, follow, max-snippet:-1, max-image-preview:large, max-video-preview:-1\" \/>\n<link rel=\"canonical\" href=\"https:\/\/findfoodcarvercounty.org\/es\/about\/in-the-news\/\" \/>\n<meta property=\"og:locale\" content=\"es_MX\" \/>\n<meta property=\"og:type\" content=\"article\" \/>\n<meta property=\"og:title\" content=\"In The News - Find Food Carver County\" \/>\n<meta property=\"og:description\" content=\"In the News News from around Carver County. Organizations Collaborate to Reduce Hunger February 6, 2025, Carver County Local News\u00a0 Community leaders from several organizations attended Second Harvest Heartland&#8217;s Make Hunger History Summit in January. Read the full article here. READ THE ARTICLE Hunger in the spotlight during FoodShare Month March 10, 2023, Sun Patriot\u00a0 [&hellip;]\" \/>\n<meta property=\"og:url\" content=\"https:\/\/findfoodcarvercounty.org\/es\/about\/in-the-news\/\" \/>\n<meta property=\"og:site_name\" content=\"Find Food Carver County\" \/>\n<meta property=\"article:publisher\" content=\"https:\/\/www.facebook.com\/findfoodcarvercounty\" \/>\n<meta property=\"article:modified_time\" content=\"2026-03-06T21:35:46+00:00\" \/>\n<meta name=\"twitter:card\" content=\"summary_large_image\" \/>\n<meta name=\"twitter:label1\" content=\"Tiempo de lectura\" \/>\n\t<meta name=\"twitter:data1\" content=\"1 minuto\" \/>\n<script type=\"application\/ld+json\" class=\"yoast-schema-graph\">{\"@context\":\"https:\/\/schema.org\",\"@graph\":[{\"@type\":\"WebPage\",\"@id\":\"https:\/\/findfoodcarvercounty.org\/about\/in-the-news\/\",\"url\":\"https:\/\/findfoodcarvercounty.org\/about\/in-the-news\/\",\"name\":\"In The News - Find Food Carver County\",\"isPartOf\":{\"@id\":\"https:\/\/findfoodcarvercounty.org\/#website\"},\"datePublished\":\"2023-03-21T12:53:29+00:00\",\"dateModified\":\"2026-03-06T21:35:46+00:00\",\"breadcrumb\":{\"@id\":\"https:\/\/findfoodcarvercounty.org\/about\/in-the-news\/#breadcrumb\"},\"inLanguage\":\"es\",\"potentialAction\":[{\"@type\":\"ReadAction\",\"target\":[\"https:\/\/findfoodcarvercounty.org\/about\/in-the-news\/\"]}]},{\"@type\":\"BreadcrumbList\",\"@id\":\"https:\/\/findfoodcarvercounty.org\/about\/in-the-news\/#breadcrumb\",\"itemListElement\":[{\"@type\":\"ListItem\",\"position\":1,\"name\":\"Home\",\"item\":\"https:\/\/findfoodcarvercounty.org\/\"},{\"@type\":\"ListItem\",\"position\":2,\"name\":\"About\",\"item\":\"https:\/\/findfoodcarvercounty.org\/about\/\"},{\"@type\":\"ListItem\",\"position\":3,\"name\":\"In The News\"}]},{\"@type\":\"WebSite\",\"@id\":\"https:\/\/findfoodcarvercounty.org\/#website\",\"url\":\"https:\/\/findfoodcarvercounty.org\/\",\"name\":\"Find Food Carver County\",\"description\":\"\",\"publisher\":{\"@id\":\"https:\/\/findfoodcarvercounty.org\/#organization\"},\"potentialAction\":[{\"@type\":\"SearchAction\",\"target\":{\"@type\":\"EntryPoint\",\"urlTemplate\":\"https:\/\/findfoodcarvercounty.org\/?s={search_term_string}\"},\"query-input\":{\"@type\":\"PropertyValueSpecification\",\"valueRequired\":true,\"valueName\":\"search_term_string\"}}],\"inLanguage\":\"es\"},{\"@type\":\"Organization\",\"@id\":\"https:\/\/findfoodcarvercounty.org\/#organization\",\"name\":\"Find Food Carver County\",\"url\":\"https:\/\/findfoodcarvercounty.org\/\",\"logo\":{\"@type\":\"ImageObject\",\"inLanguage\":\"es\",\"@id\":\"https:\/\/findfoodcarvercounty.org\/#\/schema\/logo\/image\/\",\"url\":\"https:\/\/findfoodcarvercounty.org\/wp-content\/uploads\/2022\/05\/ffcc-blue-rgb.png\",\"contentUrl\":\"https:\/\/findfoodcarvercounty.org\/wp-content\/uploads\/2022\/05\/ffcc-blue-rgb.png\",\"width\":1560,\"height\":1032,\"caption\":\"Find Food Carver County\"},\"image\":{\"@id\":\"https:\/\/findfoodcarvercounty.org\/#\/schema\/logo\/image\/\"},\"sameAs\":[\"https:\/\/www.facebook.com\/findfoodcarvercounty\",\"https:\/\/www.instagram.com\/findfoodcarvercounty\/\"]}]}<\/script>\n<!-- \/ Yoast SEO plugin. -->","yoast_head_json":{"title":"En las noticias - Encuentra comida en el condado de Carver","robots":{"index":"index","follow":"follow","max-snippet":"max-snippet:-1","max-image-preview":"max-image-preview:large","max-video-preview":"max-video-preview:-1"},"canonical":"https:\/\/findfoodcarvercounty.org\/es\/about\/in-the-news\/","og_locale":"es_MX","og_type":"article","og_title":"In The News - Find Food Carver County","og_description":"In the News News from around Carver County. Organizations Collaborate to Reduce Hunger February 6, 2025, Carver County Local News\u00a0 Community leaders from several organizations attended Second Harvest Heartland&#8217;s Make Hunger History Summit in January. Read the full article here. READ THE ARTICLE Hunger in the spotlight during FoodShare Month March 10, 2023, Sun Patriot\u00a0 [&hellip;]","og_url":"https:\/\/findfoodcarvercounty.org\/es\/about\/in-the-news\/","og_site_name":"Find Food Carver County","article_publisher":"https:\/\/www.facebook.com\/findfoodcarvercounty","article_modified_time":"2026-03-06T21:35:46+00:00","twitter_card":"summary_large_image","twitter_misc":{"Tiempo de lectura":"1 minuto"},"schema":{"@context":"https:\/\/schema.org","@graph":[{"@type":"WebPage","@id":"https:\/\/findfoodcarvercounty.org\/about\/in-the-news\/","url":"https:\/\/findfoodcarvercounty.org\/about\/in-the-news\/","name":"En las noticias - Encuentra comida en el condado de Carver","isPartOf":{"@id":"https:\/\/findfoodcarvercounty.org\/#website"},"datePublished":"2023-03-21T12:53:29+00:00","dateModified":"2026-03-06T21:35:46+00:00","breadcrumb":{"@id":"https:\/\/findfoodcarvercounty.org\/about\/in-the-news\/#breadcrumb"},"inLanguage":"es","potentialAction":[{"@type":"ReadAction","target":["https:\/\/findfoodcarvercounty.org\/about\/in-the-news\/"]}]},{"@type":"BreadcrumbList","@id":"https:\/\/findfoodcarvercounty.org\/about\/in-the-news\/#breadcrumb","itemListElement":[{"@type":"ListItem","position":1,"name":"Home","item":"https:\/\/findfoodcarvercounty.org\/"},{"@type":"ListItem","position":2,"name":"About","item":"https:\/\/findfoodcarvercounty.org\/about\/"},{"@type":"ListItem","position":3,"name":"In The News"}]},{"@type":"WebSite","@id":"https:\/\/findfoodcarvercounty.org\/#website","url":"https:\/\/findfoodcarvercounty.org\/","name":"Encuentra comida en el condado de Carver","description":"","publisher":{"@id":"https:\/\/findfoodcarvercounty.org\/#organization"},"potentialAction":[{"@type":"SearchAction","target":{"@type":"EntryPoint","urlTemplate":"https:\/\/findfoodcarvercounty.org\/?s={search_term_string}"},"query-input":{"@type":"PropertyValueSpecification","valueRequired":true,"valueName":"search_term_string"}}],"inLanguage":"es"},{"@type":"Organization","@id":"https:\/\/findfoodcarvercounty.org\/#organization","name":"Encuentra comida en el condado de Carver","url":"https:\/\/findfoodcarvercounty.org\/","logo":{"@type":"ImageObject","inLanguage":"es","@id":"https:\/\/findfoodcarvercounty.org\/#\/schema\/logo\/image\/","url":"https:\/\/findfoodcarvercounty.org\/wp-content\/uploads\/2022\/05\/ffcc-blue-rgb.png","contentUrl":"https:\/\/findfoodcarvercounty.org\/wp-content\/uploads\/2022\/05\/ffcc-blue-rgb.png","width":1560,"height":1032,"caption":"Find Food Carver County"},"image":{"@id":"https:\/\/findfoodcarvercounty.org\/#\/schema\/logo\/image\/"},"sameAs":["https:\/\/www.facebook.com\/findfoodcarvercounty","https:\/\/www.instagram.com\/findfoodcarvercounty\/"]}]}},"_links":{"self":[{"href":"https:\/\/findfoodcarvercounty.org\/es\/wp-json\/wp\/v2\/pages\/9156","targetHints":{"allow":["GET"]}}],"collection":[{"href":"https:\/\/findfoodcarvercounty.org\/es\/wp-json\/wp\/v2\/pages"}],"about":[{"href":"https:\/\/findfoodcarvercounty.org\/es\/wp-json\/wp\/v2\/types\/page"}],"author":[{"embeddable":true,"href":"https:\/\/findfoodcarvercounty.org\/es\/wp-json\/wp\/v2\/users\/2"}],"replies":[{"embeddable":true,"href":"https:\/\/findfoodcarvercounty.org\/es\/wp-json\/wp\/v2\/comments?post=9156"}],"version-history":[{"count":100,"href":"https:\/\/findfoodcarvercounty.org\/es\/wp-json\/wp\/v2\/pages\/9156\/revisions"}],"predecessor-version":[{"id":10920,"href":"https:\/\/findfoodcarvercounty.org\/es\/wp-json\/wp\/v2\/pages\/9156\/revisions\/10920"}],"up":[{"embeddable":true,"href":"https:\/\/findfoodcarvercounty.org\/es\/wp-json\/wp\/v2\/pages\/96"}],"wp:attachment":[{"href":"https:\/\/findfoodcarvercounty.org\/es\/wp-json\/wp\/v2\/media?parent=9156"}],"curies":[{"name":"wp","href":"https:\/\/api.w.org\/{rel}","templated":true}]}}