{"id":9092,"date":"2023-01-18T11:16:28","date_gmt":"2023-01-18T17:16:28","guid":{"rendered":"https:\/\/findfoodcarvercounty.org\/?page_id=9092"},"modified":"2026-04-20T16:29:32","modified_gmt":"2026-04-20T21:29:32","slug":"delivery","status":"publish","type":"page","link":"https:\/\/findfoodcarvercounty.org\/es\/delivery\/","title":{"rendered":"Programa de Entrega de Adultos Mayores"},"content":{"rendered":"<div data-elementor-type=\"wp-page\" data-elementor-id=\"9092\" class=\"elementor elementor-9092\" data-elementor-post-type=\"page\">\n\t\t\t\t<div class=\"elementor-element elementor-element-73d7fdb0 e-flex e-con-boxed e-con e-parent\" data-id=\"73d7fdb0\" data-element_type=\"container\" data-e-type=\"container\" data-settings=\"{&quot;background_background&quot;:&quot;classic&quot;}\">\n\t\t\t\t\t<div class=\"e-con-inner\">\n\t\t<div class=\"elementor-element elementor-element-397f7f92 e-con-full e-flex e-con e-child\" data-id=\"397f7f92\" data-element_type=\"container\" data-e-type=\"container\">\n\t\t\t\t<div class=\"elementor-element elementor-element-68222f6f elementor-widget elementor-widget-heading\" data-id=\"68222f6f\" data-element_type=\"widget\" data-e-type=\"widget\" data-widget_type=\"heading.default\">\n\t\t\t\t<div class=\"elementor-widget-container\">\n\t\t\t\t\t<h1 class=\"elementor-heading-title elementor-size-default\">Programa de Entrega de Adultos Mayores<\/h1>\t\t\t\t<\/div>\n\t\t\t\t<\/div>\n\t\t\t\t<div class=\"elementor-element elementor-element-486f64e2 elementor-widget elementor-widget-text-editor\" data-id=\"486f64e2\" data-element_type=\"widget\" data-e-type=\"widget\" data-widget_type=\"text-editor.default\">\n\t\t\t\t<div class=\"elementor-widget-container\">\n\t\t\t\t\t\t\t\t\t<p>Programa de entrega gratuita para adultos mayores en Norwood Young America, Hamburg y New Germany.<\/p>\t\t\t\t\t\t\t\t<\/div>\n\t\t\t\t<\/div>\n\t\t\t\t<\/div>\n\t\t\t\t\t<\/div>\n\t\t\t\t<\/div>\n\t\t<div class=\"elementor-element elementor-element-f46909c e-flex e-con-boxed e-con e-parent\" data-id=\"f46909c\" data-element_type=\"container\" data-e-type=\"container\" data-settings=\"{&quot;background_background&quot;:&quot;classic&quot;}\">\n\t\t\t\t\t<div class=\"e-con-inner\">\n\t\t<div class=\"elementor-element elementor-element-eab9530 e-con-full e-flex e-con e-child\" data-id=\"eab9530\" data-element_type=\"container\" data-e-type=\"container\">\n\t\t<div class=\"elementor-element elementor-element-98674f6 e-con-full e-flex e-con e-child\" data-id=\"98674f6\" data-element_type=\"container\" data-e-type=\"container\">\n\t\t\t\t<div class=\"elementor-element elementor-element-6a9a7fd elementor-widget elementor-widget-image\" data-id=\"6a9a7fd\" data-element_type=\"widget\" data-e-type=\"widget\" data-widget_type=\"image.default\">\n\t\t\t\t<div class=\"elementor-widget-container\">\n\t\t\t\t\t\t\t\t\t\t\t\t\t\t\t<img fetchpriority=\"high\" decoding=\"async\" width=\"768\" height=\"777\" src=\"https:\/\/findfoodcarvercounty.org\/wp-content\/uploads\/2026\/03\/delivery-shutterstock_1712079217-768x777.webp\" class=\"attachment-medium_large size-medium_large wp-image-11030\" alt=\"Delivery bag filled with groceries being handed to someone, representing a senior food delivery service.\" srcset=\"https:\/\/findfoodcarvercounty.org\/wp-content\/uploads\/2026\/03\/delivery-shutterstock_1712079217-768x777.webp 768w, https:\/\/findfoodcarvercounty.org\/wp-content\/uploads\/2026\/03\/delivery-shutterstock_1712079217-297x300.webp 297w, https:\/\/findfoodcarvercounty.org\/wp-content\/uploads\/2026\/03\/delivery-shutterstock_1712079217-1013x1024.webp 1013w, https:\/\/findfoodcarvercounty.org\/wp-content\/uploads\/2026\/03\/delivery-shutterstock_1712079217-1519x1536.webp 1519w, https:\/\/findfoodcarvercounty.org\/wp-content\/uploads\/2026\/03\/delivery-shutterstock_1712079217-2025x2048.webp 2025w, https:\/\/findfoodcarvercounty.org\/wp-content\/uploads\/2026\/03\/delivery-shutterstock_1712079217-12x12.webp 12w\" sizes=\"(max-width: 768px) 100vw, 768px\" \/>\t\t\t\t\t\t\t\t\t\t\t\t\t\t\t<\/div>\n\t\t\t\t<\/div>\n\t\t\t\t<\/div>\n\t\t<div class=\"elementor-element elementor-element-ec15cd0 e-con-full e-flex e-con e-child\" data-id=\"ec15cd0\" data-element_type=\"container\" data-e-type=\"container\">\n\t\t<div class=\"elementor-element elementor-element-533265e e-con-full e-flex e-con e-child\" data-id=\"533265e\" data-element_type=\"container\" data-e-type=\"container\">\n\t\t\t\t<div class=\"elementor-element elementor-element-09f3718 elementor-widget elementor-widget-text-editor\" data-id=\"09f3718\" data-element_type=\"widget\" data-e-type=\"widget\" data-widget_type=\"text-editor.default\">\n\t\t\t\t<div class=\"elementor-widget-container\">\n\t\t\t\t\t\t\t\t\t<p><span data-preserver-spaces=\"true\">Hay distribuciones de alimentos gratuitas mensuales en NYA, generalmente el segundo mi\u00e9rcoles del mes de 12:30 a. m. a 5:00 p. m.<\/span><span data-preserver-spaces=\"true\">1:30 pm<\/span><span data-preserver-spaces=\"true\">. Ofrecemos un programa de entrega a domicilio para adultos mayores (de 65 a\u00f1os o m\u00e1s) que est\u00e1n confinados en sus hogares, tienen problemas de movilidad que les impiden participar en las distribuciones desde el auto o carecen de transporte. Este programa atiende a adultos mayores que viven en <strong data-start=\"1677\" data-end=\"1772\">Norwood Young America, Hamburgo y Nueva Alemania (c\u00f3digos postales\u00a0<\/strong>55339, 55367, 55368 y 55397.)<\/span><\/p><p><span data-preserver-spaces=\"true\">Los participantes deben estar en casa en el momento de la entrega, entre <\/span><span data-preserver-spaces=\"true\">11:30 a. m.<\/span><span data-preserver-spaces=\"true\"> y <\/span><span data-preserver-spaces=\"true\">2:00 p.m.<\/span><span data-preserver-spaces=\"true\"> en las fechas especificadas.<\/span><\/p><p><span data-preserver-spaces=\"true\">Los pedidos deben recibirse al menos 7 d\u00edas. <\/span><span data-preserver-spaces=\"true\">antes de la<\/span><span data-preserver-spaces=\"true\"> distribuci\u00f3n.\u00a0<\/span><span data-preserver-spaces=\"true\">Se pueden encontrar las pr\u00f3ximas fechas de distribuci\u00f3n.<\/span><strong><a href=\"https:\/\/www.facebook.com\/scdcap\/\">\u00a0o<\/a><\/strong><span data-preserver-spaces=\"true\"><strong><a href=\"\/es\/_wp_link_placeholder\/\">en la p\u00e1gina de Facebook de la Agencia CAP<\/a><\/strong>, pero normalmente son el segundo mi\u00e9rcoles del mes.\u00a0<\/span><\/p><p><span data-preserver-spaces=\"true\">Contacta con Shelly en <\/span><a href=\"tel:952-243-0883\">952-243-0883<\/a><\/p>\t\t\t\t\t\t\t\t<\/div>\n\t\t\t\t<\/div>\n\t\t\t\t<\/div>\n\t\t\t\t<\/div>\n\t\t\t\t<\/div>\n\t\t\t\t\t<\/div>\n\t\t\t\t<\/div>\n\t\t\t\t<\/div>","protected":false},"excerpt":{"rendered":"<p>Older Adult Delivery Program Free delivery program for older adults in Norwood Young America, Hamburg, and New Germany. There are monthly free food distributions in NYA, typically on the second Wednesday of the month from 12:30-1:30pm. We are offering a delivery program for older adults (ages 65+) who are homebound, have mobility issues that prevent [&hellip;]<\/p>\n","protected":false},"author":2,"featured_media":0,"parent":0,"menu_order":0,"comment_status":"closed","ping_status":"closed","template":"","meta":{"_monsterinsights_skip_tracking":false,"_monsterinsights_sitenote_active":false,"_monsterinsights_sitenote_note":"","_monsterinsights_sitenote_category":0,"site-sidebar-layout":"no-sidebar","site-content-layout":"page-builder","ast-site-content-layout":"full-width-container","site-content-style":"unboxed","site-sidebar-style":"unboxed","ast-global-header-display":"","ast-banner-title-visibility":"","ast-main-header-display":"","ast-hfb-above-header-display":"","ast-hfb-below-header-display":"","ast-hfb-mobile-header-display":"","site-post-title":"disabled","ast-breadcrumbs-content":"","ast-featured-img":"disabled","footer-sml-layout":"","ast-disable-related-posts":"","theme-transparent-header-meta":"","adv-header-id-meta":"","stick-header-meta":"","header-above-stick-meta":"","header-main-stick-meta":"","header-below-stick-meta":"","astra-migrate-meta-layouts":"set","ast-page-background-enabled":"default","ast-page-background-meta":{"desktop":{"background-color":"","background-image":"","background-repeat":"repeat","background-position":"center center","background-size":"auto","background-attachment":"scroll","background-type":"","background-media":"","overlay-type":"","overlay-color":"","overlay-opacity":"","overlay-gradient":""},"tablet":{"background-color":"","background-image":"","background-repeat":"repeat","background-position":"center center","background-size":"auto","background-attachment":"scroll","background-type":"","background-media":"","overlay-type":"","overlay-color":"","overlay-opacity":"","overlay-gradient":""},"mobile":{"background-color":"","background-image":"","background-repeat":"repeat","background-position":"center center","background-size":"auto","background-attachment":"scroll","background-type":"","background-media":"","overlay-type":"","overlay-color":"","overlay-opacity":"","overlay-gradient":""}},"ast-content-background-meta":{"desktop":{"background-color":"var(--ast-global-color-5)","background-image":"","background-repeat":"repeat","background-position":"center center","background-size":"auto","background-attachment":"scroll","background-type":"","background-media":"","overlay-type":"","overlay-color":"","overlay-opacity":"","overlay-gradient":""},"tablet":{"background-color":"var(--ast-global-color-5)","background-image":"","background-repeat":"repeat","background-position":"center center","background-size":"auto","background-attachment":"scroll","background-type":"","background-media":"","overlay-type":"","overlay-color":"","overlay-opacity":"","overlay-gradient":""},"mobile":{"background-color":"var(--ast-global-color-5)","background-image":"","background-repeat":"repeat","background-position":"center center","background-size":"auto","background-attachment":"scroll","background-type":"","background-media":"","overlay-type":"","overlay-color":"","overlay-opacity":"","overlay-gradient":""}},"footnotes":""},"class_list":["post-9092","page","type-page","status-publish","hentry"],"yoast_head":"<!-- This site is optimized with the Yoast SEO plugin v27.4 - https:\/\/yoast.com\/product\/yoast-seo-wordpress\/ -->\n<title>Older Adult Delivery Program - Find Food Carver County<\/title>\n<meta name=\"description\" content=\"Free food delivery for adults age 65+ in Norwood Young America, Hamburg, and New Germany. Monthly distributions for those who are homebound or lack transportation.\" \/>\n<meta name=\"robots\" content=\"index, follow, max-snippet:-1, max-image-preview:large, max-video-preview:-1\" \/>\n<link rel=\"canonical\" href=\"https:\/\/findfoodcarvercounty.org\/es\/delivery\/\" \/>\n<meta property=\"og:locale\" content=\"es_MX\" \/>\n<meta property=\"og:type\" content=\"article\" \/>\n<meta property=\"og:title\" content=\"Older Adult Delivery Program - Find Food Carver County\" \/>\n<meta property=\"og:description\" content=\"Free food delivery for adults age 65+ in Norwood Young America, Hamburg, and New Germany. Monthly distributions for those who are homebound or lack transportation.\" \/>\n<meta property=\"og:url\" content=\"https:\/\/findfoodcarvercounty.org\/es\/delivery\/\" \/>\n<meta property=\"og:site_name\" content=\"Find Food Carver County\" \/>\n<meta property=\"article:publisher\" content=\"https:\/\/www.facebook.com\/findfoodcarvercounty\" \/>\n<meta property=\"article:modified_time\" content=\"2026-04-20T21:29:32+00:00\" \/>\n<meta property=\"og:image\" content=\"https:\/\/findfoodcarvercounty.org\/wp-content\/uploads\/2026\/03\/delivery-shutterstock_1712079217.webp\" \/>\n\t<meta property=\"og:image:width\" content=\"2472\" \/>\n\t<meta property=\"og:image:height\" content=\"2500\" \/>\n\t<meta property=\"og:image:type\" content=\"image\/webp\" \/>\n<meta name=\"twitter:card\" content=\"summary_large_image\" \/>\n<meta name=\"twitter:label1\" content=\"Tiempo de lectura\" \/>\n\t<meta name=\"twitter:data1\" content=\"1 minuto\" \/>\n<script type=\"application\/ld+json\" class=\"yoast-schema-graph\">{\"@context\":\"https:\\\/\\\/schema.org\",\"@graph\":[{\"@type\":\"WebPage\",\"@id\":\"https:\\\/\\\/findfoodcarvercounty.org\\\/delivery\\\/\",\"url\":\"https:\\\/\\\/findfoodcarvercounty.org\\\/delivery\\\/\",\"name\":\"Older Adult Delivery Program - Find Food Carver County\",\"isPartOf\":{\"@id\":\"https:\\\/\\\/findfoodcarvercounty.org\\\/#website\"},\"primaryImageOfPage\":{\"@id\":\"https:\\\/\\\/findfoodcarvercounty.org\\\/delivery\\\/#primaryimage\"},\"image\":{\"@id\":\"https:\\\/\\\/findfoodcarvercounty.org\\\/delivery\\\/#primaryimage\"},\"thumbnailUrl\":\"https:\\\/\\\/findfoodcarvercounty.org\\\/wp-content\\\/uploads\\\/2026\\\/03\\\/delivery-shutterstock_1712079217-768x777.webp\",\"datePublished\":\"2023-01-18T17:16:28+00:00\",\"dateModified\":\"2026-04-20T21:29:32+00:00\",\"description\":\"Free food delivery for adults age 65+ in Norwood Young America, Hamburg, and New Germany. Monthly distributions for those who are homebound or lack transportation.\",\"breadcrumb\":{\"@id\":\"https:\\\/\\\/findfoodcarvercounty.org\\\/delivery\\\/#breadcrumb\"},\"inLanguage\":\"es\",\"potentialAction\":[{\"@type\":\"ReadAction\",\"target\":[\"https:\\\/\\\/findfoodcarvercounty.org\\\/delivery\\\/\"]}]},{\"@type\":\"ImageObject\",\"inLanguage\":\"es\",\"@id\":\"https:\\\/\\\/findfoodcarvercounty.org\\\/delivery\\\/#primaryimage\",\"url\":\"https:\\\/\\\/findfoodcarvercounty.org\\\/wp-content\\\/uploads\\\/2026\\\/03\\\/delivery-shutterstock_1712079217-768x777.webp\",\"contentUrl\":\"https:\\\/\\\/findfoodcarvercounty.org\\\/wp-content\\\/uploads\\\/2026\\\/03\\\/delivery-shutterstock_1712079217-768x777.webp\"},{\"@type\":\"BreadcrumbList\",\"@id\":\"https:\\\/\\\/findfoodcarvercounty.org\\\/delivery\\\/#breadcrumb\",\"itemListElement\":[{\"@type\":\"ListItem\",\"position\":1,\"name\":\"Home\",\"item\":\"https:\\\/\\\/findfoodcarvercounty.org\\\/\"},{\"@type\":\"ListItem\",\"position\":2,\"name\":\"Older Adult Delivery Program\"}]},{\"@type\":\"WebSite\",\"@id\":\"https:\\\/\\\/findfoodcarvercounty.org\\\/#website\",\"url\":\"https:\\\/\\\/findfoodcarvercounty.org\\\/\",\"name\":\"Find Food Carver County\",\"description\":\"\",\"publisher\":{\"@id\":\"https:\\\/\\\/findfoodcarvercounty.org\\\/#organization\"},\"potentialAction\":[{\"@type\":\"SearchAction\",\"target\":{\"@type\":\"EntryPoint\",\"urlTemplate\":\"https:\\\/\\\/findfoodcarvercounty.org\\\/?s={search_term_string}\"},\"query-input\":{\"@type\":\"PropertyValueSpecification\",\"valueRequired\":true,\"valueName\":\"search_term_string\"}}],\"inLanguage\":\"es\"},{\"@type\":\"Organization\",\"@id\":\"https:\\\/\\\/findfoodcarvercounty.org\\\/#organization\",\"name\":\"Find Food Carver County\",\"url\":\"https:\\\/\\\/findfoodcarvercounty.org\\\/\",\"logo\":{\"@type\":\"ImageObject\",\"inLanguage\":\"es\",\"@id\":\"https:\\\/\\\/findfoodcarvercounty.org\\\/#\\\/schema\\\/logo\\\/image\\\/\",\"url\":\"https:\\\/\\\/findfoodcarvercounty.org\\\/wp-content\\\/uploads\\\/2022\\\/05\\\/ffcc-blue-rgb.png\",\"contentUrl\":\"https:\\\/\\\/findfoodcarvercounty.org\\\/wp-content\\\/uploads\\\/2022\\\/05\\\/ffcc-blue-rgb.png\",\"width\":1560,\"height\":1032,\"caption\":\"Find Food Carver County\"},\"image\":{\"@id\":\"https:\\\/\\\/findfoodcarvercounty.org\\\/#\\\/schema\\\/logo\\\/image\\\/\"},\"sameAs\":[\"https:\\\/\\\/www.facebook.com\\\/findfoodcarvercounty\",\"https:\\\/\\\/www.instagram.com\\\/findfoodcarvercounty\\\/\"]}]}<\/script>\n<!-- \/ Yoast SEO plugin. -->","yoast_head_json":{"title":"Programa de entrega a domicilio para adultos mayores - Encuentra comida en el condado de Carver","description":"Free food delivery for adults age 65+ in Norwood Young America, Hamburg, and New Germany. Monthly distributions for those who are homebound or lack transportation.","robots":{"index":"index","follow":"follow","max-snippet":"max-snippet:-1","max-image-preview":"max-image-preview:large","max-video-preview":"max-video-preview:-1"},"canonical":"https:\/\/findfoodcarvercounty.org\/es\/delivery\/","og_locale":"es_MX","og_type":"article","og_title":"Older Adult Delivery Program - Find Food Carver County","og_description":"Free food delivery for adults age 65+ in Norwood Young America, Hamburg, and New Germany. Monthly distributions for those who are homebound or lack transportation.","og_url":"https:\/\/findfoodcarvercounty.org\/es\/delivery\/","og_site_name":"Find Food Carver County","article_publisher":"https:\/\/www.facebook.com\/findfoodcarvercounty","article_modified_time":"2026-04-20T21:29:32+00:00","og_image":[{"width":2472,"height":2500,"url":"https:\/\/findfoodcarvercounty.org\/wp-content\/uploads\/2026\/03\/delivery-shutterstock_1712079217.webp","type":"image\/webp"}],"twitter_card":"summary_large_image","twitter_misc":{"Tiempo de lectura":"1 minuto"},"schema":{"@context":"https:\/\/schema.org","@graph":[{"@type":"WebPage","@id":"https:\/\/findfoodcarvercounty.org\/delivery\/","url":"https:\/\/findfoodcarvercounty.org\/delivery\/","name":"Programa de entrega a domicilio para adultos mayores - Encuentra comida en el condado de Carver","isPartOf":{"@id":"https:\/\/findfoodcarvercounty.org\/#website"},"primaryImageOfPage":{"@id":"https:\/\/findfoodcarvercounty.org\/delivery\/#primaryimage"},"image":{"@id":"https:\/\/findfoodcarvercounty.org\/delivery\/#primaryimage"},"thumbnailUrl":"https:\/\/findfoodcarvercounty.org\/wp-content\/uploads\/2026\/03\/delivery-shutterstock_1712079217-768x777.webp","datePublished":"2023-01-18T17:16:28+00:00","dateModified":"2026-04-20T21:29:32+00:00","description":"Free food delivery for adults age 65+ in Norwood Young America, Hamburg, and New Germany. Monthly distributions for those who are homebound or lack transportation.","breadcrumb":{"@id":"https:\/\/findfoodcarvercounty.org\/delivery\/#breadcrumb"},"inLanguage":"es","potentialAction":[{"@type":"ReadAction","target":["https:\/\/findfoodcarvercounty.org\/delivery\/"]}]},{"@type":"ImageObject","inLanguage":"es","@id":"https:\/\/findfoodcarvercounty.org\/delivery\/#primaryimage","url":"https:\/\/findfoodcarvercounty.org\/wp-content\/uploads\/2026\/03\/delivery-shutterstock_1712079217-768x777.webp","contentUrl":"https:\/\/findfoodcarvercounty.org\/wp-content\/uploads\/2026\/03\/delivery-shutterstock_1712079217-768x777.webp"},{"@type":"BreadcrumbList","@id":"https:\/\/findfoodcarvercounty.org\/delivery\/#breadcrumb","itemListElement":[{"@type":"ListItem","position":1,"name":"Home","item":"https:\/\/findfoodcarvercounty.org\/"},{"@type":"ListItem","position":2,"name":"Older Adult Delivery Program"}]},{"@type":"WebSite","@id":"https:\/\/findfoodcarvercounty.org\/#website","url":"https:\/\/findfoodcarvercounty.org\/","name":"Encuentra comida en el condado de Carver","description":"","publisher":{"@id":"https:\/\/findfoodcarvercounty.org\/#organization"},"potentialAction":[{"@type":"SearchAction","target":{"@type":"EntryPoint","urlTemplate":"https:\/\/findfoodcarvercounty.org\/?s={search_term_string}"},"query-input":{"@type":"PropertyValueSpecification","valueRequired":true,"valueName":"search_term_string"}}],"inLanguage":"es"},{"@type":"Organization","@id":"https:\/\/findfoodcarvercounty.org\/#organization","name":"Encuentra comida en el condado de Carver","url":"https:\/\/findfoodcarvercounty.org\/","logo":{"@type":"ImageObject","inLanguage":"es","@id":"https:\/\/findfoodcarvercounty.org\/#\/schema\/logo\/image\/","url":"https:\/\/findfoodcarvercounty.org\/wp-content\/uploads\/2022\/05\/ffcc-blue-rgb.png","contentUrl":"https:\/\/findfoodcarvercounty.org\/wp-content\/uploads\/2022\/05\/ffcc-blue-rgb.png","width":1560,"height":1032,"caption":"Find Food Carver County"},"image":{"@id":"https:\/\/findfoodcarvercounty.org\/#\/schema\/logo\/image\/"},"sameAs":["https:\/\/www.facebook.com\/findfoodcarvercounty","https:\/\/www.instagram.com\/findfoodcarvercounty\/"]}]}},"_links":{"self":[{"href":"https:\/\/findfoodcarvercounty.org\/es\/wp-json\/wp\/v2\/pages\/9092","targetHints":{"allow":["GET"]}}],"collection":[{"href":"https:\/\/findfoodcarvercounty.org\/es\/wp-json\/wp\/v2\/pages"}],"about":[{"href":"https:\/\/findfoodcarvercounty.org\/es\/wp-json\/wp\/v2\/types\/page"}],"author":[{"embeddable":true,"href":"https:\/\/findfoodcarvercounty.org\/es\/wp-json\/wp\/v2\/users\/2"}],"replies":[{"embeddable":true,"href":"https:\/\/findfoodcarvercounty.org\/es\/wp-json\/wp\/v2\/comments?post=9092"}],"version-history":[{"count":153,"href":"https:\/\/findfoodcarvercounty.org\/es\/wp-json\/wp\/v2\/pages\/9092\/revisions"}],"predecessor-version":[{"id":11250,"href":"https:\/\/findfoodcarvercounty.org\/es\/wp-json\/wp\/v2\/pages\/9092\/revisions\/11250"}],"wp:attachment":[{"href":"https:\/\/findfoodcarvercounty.org\/es\/wp-json\/wp\/v2\/media?parent=9092"}],"curies":[{"name":"wp","href":"https:\/\/api.w.org\/{rel}","templated":true}]}}